{"id":4034,"date":"2022-05-06T16:39:13","date_gmt":"2022-05-06T14:39:13","guid":{"rendered":"https:\/\/style-plc.com\/?page_id=4034"},"modified":"2024-10-06T15:18:01","modified_gmt":"2024-10-06T13:18:01","slug":"site-notice","status":"publish","type":"page","link":"https:\/\/style-plc.com\/en\/site-notice\/","title":{"rendered":"Site Notice"},"content":{"rendered":"\t\t<div data-elementor-type=\"wp-page\" data-elementor-id=\"4034\" class=\"elementor elementor-4034 elementor-3913\" data-elementor-post-type=\"page\">\n\t\t\t\t\t\t<section class=\"elementor-section elementor-top-section elementor-element elementor-element-7b6cb7d elementor-section-full_width elementor-section-height-default elementor-section-height-default\" data-id=\"7b6cb7d\" data-element_type=\"section\" data-settings=\"{&quot;background_background&quot;:&quot;classic&quot;}\">\n\t\t\t\t\t\t<div class=\"elementor-container elementor-column-gap-default\">\n\t\t\t\t\t<div class=\"elementor-column elementor-col-100 elementor-top-column elementor-element elementor-element-fe56ecb\" data-id=\"fe56ecb\" data-element_type=\"column\">\n\t\t\t<div class=\"elementor-widget-wrap elementor-element-populated\">\n\t\t\t\t\t\t<div class=\"elementor-element elementor-element-c719b4b elementor-widget elementor-widget-spacer\" data-id=\"c719b4b\" data-element_type=\"widget\" data-widget_type=\"spacer.default\">\n\t\t\t\t<div class=\"elementor-widget-container\">\n\t\t\t\t\t\t\t<div class=\"elementor-spacer\">\n\t\t\t<div class=\"elementor-spacer-inner\"><\/div>\n\t\t<\/div>\n\t\t\t\t\t\t<\/div>\n\t\t\t\t<\/div>\n\t\t\t\t<div class=\"elementor-element elementor-element-0b709d5 elementor-widget elementor-widget-heading\" data-id=\"0b709d5\" data-element_type=\"widget\" data-widget_type=\"heading.default\">\n\t\t\t\t<div class=\"elementor-widget-container\">\n\t\t\t\t\t<h2 class=\"elementor-heading-title elementor-size-default\">SITE NOTICE<\/h2>\t\t\t\t<\/div>\n\t\t\t\t<\/div>\n\t\t\t\t<section class=\"elementor-section elementor-inner-section elementor-element elementor-element-e6edbc5 elementor-section-full_width elementor-section-height-default elementor-section-height-default\" data-id=\"e6edbc5\" data-element_type=\"section\">\n\t\t\t\t\t\t<div class=\"elementor-container elementor-column-gap-default\">\n\t\t\t\t\t<div class=\"elementor-column elementor-col-50 elementor-inner-column elementor-element elementor-element-05a5c7d\" data-id=\"05a5c7d\" data-element_type=\"column\" data-settings=\"{&quot;background_background&quot;:&quot;classic&quot;}\">\n\t\t\t<div class=\"elementor-widget-wrap elementor-element-populated\">\n\t\t\t\t\t\t<div class=\"elementor-element elementor-element-5c8a197 elementor-widget elementor-widget-heading\" data-id=\"5c8a197\" data-element_type=\"widget\" data-widget_type=\"heading.default\">\n\t\t\t\t<div class=\"elementor-widget-container\">\n\t\t\t\t\t<h2 class=\"elementor-heading-title elementor-size-default\">According to \u00a7 5 TMG:\n<\/h2>\t\t\t\t<\/div>\n\t\t\t\t<\/div>\n\t\t\t\t<div class=\"elementor-element elementor-element-c95bcf5 elementor-widget elementor-widget-text-editor\" data-id=\"c95bcf5\" data-element_type=\"widget\" data-widget_type=\"text-editor.default\">\n\t\t\t\t<div class=\"elementor-widget-container\">\n\t\t\t\t\t\t\t\t\t<p>Style-Private-Label-Collections-GmbH<br \/>Huschbergerstra\u00dfe 12<br \/>D-40212 D\u00fcsseldorf<\/p><p>Phone: +49 211 1580 3620<br \/>Email: <a href=\"mailto:h.matthesen@style-plc.de\">h.matthesen@style-plc.de<\/a><\/p><p>General Manager: Henning Matthesen<br \/>Commercial Register D\u00fcsseldorf<br \/>HRB Nr.: 78539<br \/>VAT-ID-Nr.: DE 815647539<\/p><p><span class=\"subline\">Responsible for the content according to \u00a7 55 Abs. 2 RStV:<\/span><br \/>Henning Matthesen<\/p>\t\t\t\t\t\t\t\t<\/div>\n\t\t\t\t<\/div>\n\t\t\t\t\t<\/div>\n\t\t<\/div>\n\t\t\t\t<div class=\"elementor-column elementor-col-50 elementor-inner-column elementor-element elementor-element-a1cf2d4 elementor-hidden-mobile\" data-id=\"a1cf2d4\" data-element_type=\"column\">\n\t\t\t<div class=\"elementor-widget-wrap\">\n\t\t\t\t\t\t\t<\/div>\n\t\t<\/div>\n\t\t\t\t\t<\/div>\n\t\t<\/section>\n\t\t\t\t\t<\/div>\n\t\t<\/div>\n\t\t\t\t\t<\/div>\n\t\t<\/section>\n\t\t\t\t<\/div>\n\t\t","protected":false},"excerpt":{"rendered":"<p>SITE NOTICE According to \u00a7 5 TMG: Style-Private-Label-Collections-GmbHHuschbergerstra\u00dfe 12D-40212 D\u00fcsseldorf Phone: +49 211 1580 3620Email: h.matthesen@style-plc.de General Manager: Henning MatthesenCommercial Register D\u00fcsseldorfHRB Nr.: 78539VAT-ID-Nr.: DE 815647539 Responsible for the content according to \u00a7 55 Abs. 2 RStV:Henning Matthesen<\/p>\n","protected":false},"author":7,"featured_media":0,"parent":0,"menu_order":0,"comment_status":"closed","ping_status":"closed","template":"","meta":{"footnotes":""},"class_list":["post-4034","page","type-page","status-publish","hentry"],"_links":{"self":[{"href":"https:\/\/style-plc.com\/en\/wp-json\/wp\/v2\/pages\/4034","targetHints":{"allow":["GET"]}}],"collection":[{"href":"https:\/\/style-plc.com\/en\/wp-json\/wp\/v2\/pages"}],"about":[{"href":"https:\/\/style-plc.com\/en\/wp-json\/wp\/v2\/types\/page"}],"author":[{"embeddable":true,"href":"https:\/\/style-plc.com\/en\/wp-json\/wp\/v2\/users\/7"}],"replies":[{"embeddable":true,"href":"https:\/\/style-plc.com\/en\/wp-json\/wp\/v2\/comments?post=4034"}],"version-history":[{"count":22,"href":"https:\/\/style-plc.com\/en\/wp-json\/wp\/v2\/pages\/4034\/revisions"}],"predecessor-version":[{"id":4544,"href":"https:\/\/style-plc.com\/en\/wp-json\/wp\/v2\/pages\/4034\/revisions\/4544"}],"wp:attachment":[{"href":"https:\/\/style-plc.com\/en\/wp-json\/wp\/v2\/media?parent=4034"}],"curies":[{"name":"wp","href":"https:\/\/api.w.org\/{rel}","templated":true}]}}